{"id":410,"date":"2020-06-02T11:07:20","date_gmt":"2020-06-02T09:07:20","guid":{"rendered":"https:\/\/wilfriedandco.fr\/?page_id=410"},"modified":"2023-01-27T18:01:07","modified_gmt":"2023-01-27T17:01:07","slug":"accueil","status":"publish","type":"page","link":"https:\/\/wilfriedandco.fr\/","title":{"rendered":"Accueil"},"content":{"rendered":"<p style=\"text-align: left; padding-left: 160px;\"><a href=\"https:\/\/wilfriedandco.fr\/index.php\/produit\/joyeux-noel\/\"><br \/><\/a><a href=\"https:\/\/wilfriedandco.fr\/index.php\/produit\/\"><img loading=\"lazy\" decoding=\"async\" class=\"aligncenter\" src=\"https:\/\/wilfriedandco.fr\/wp-content\/uploads\/2020\/10\/New-Dossier-presentation-WCO-CORNER-26.05-1-1024x579.jpg\" sizes=\"auto, (max-width: 1024px) 100vw, 1024px\" srcset=\"https:\/\/wilfriedandco.fr\/wp-content\/uploads\/2020\/10\/New-Dossier-presentation-WCO-CORNER-26.05-1-1024x579.jpg 1024w, https:\/\/wilfriedandco.fr\/wp-content\/uploads\/2020\/10\/New-Dossier-presentation-WCO-CORNER-26.05-1-300x169.jpg 300w, https:\/\/wilfriedandco.fr\/wp-content\/uploads\/2020\/10\/New-Dossier-presentation-WCO-CORNER-26.05-1-768x434.jpg 768w, https:\/\/wilfriedandco.fr\/wp-content\/uploads\/2020\/10\/New-Dossier-presentation-WCO-CORNER-26.05-1-1536x868.jpg 1536w, https:\/\/wilfriedandco.fr\/wp-content\/uploads\/2020\/10\/New-Dossier-presentation-WCO-CORNER-26.05-1-2048x1157.jpg 2048w, https:\/\/wilfriedandco.fr\/wp-content\/uploads\/2020\/10\/New-Dossier-presentation-WCO-CORNER-26.05-1-400x226.jpg 400w\" alt=\"\" width=\"1024\" height=\"579\" \/><\/a><\/p>\n<p style=\"text-align: left; padding-left: 160px;\">L\u2019Elixir, produit phare de la gamme, est une protection contre toutes les agressions journali\u00e8res, sa texture s\u00e9duisante ne laisse aucun r\u00e9sidu sur la peau.<\/p>\n<p style=\"text-align: left; padding-left: 160px;\">UNISEX PEAU-CHEVEUX 0% OGM<\/p>\n<p style=\"text-align: left; padding-left: 160px;\">Une cure de\u00a07 produits,\u00a0la gamme WILFRIEDandCO\u00a0NATURE LUXE et VOYAGE passent dans les sachets de contr\u00f4le des a\u00e9roports europ\u00e9ens.<\/p>\n<p style=\"text-align: left; padding-left: 160px;\"><img loading=\"lazy\" decoding=\"async\" class=\"aligncenter\" src=\"https:\/\/wilfriedandco.fr\/wp-content\/uploads\/2020\/06\/AdobeStock_130536038.jpeg\" sizes=\"auto, (max-width: 320px) 100vw, 320px\" srcset=\"https:\/\/wilfriedandco.fr\/wp-content\/uploads\/2020\/06\/AdobeStock_130536038.jpeg 320w, https:\/\/wilfriedandco.fr\/wp-content\/uploads\/2020\/06\/AdobeStock_130536038-300x200.jpeg 300w\" alt=\"\" width=\"320\" height=\"213\" \/><\/p>\n<h2 style=\"text-align: left; padding-left: 160px;\">UNISEXE peau cheveux<\/h2>\n<p style=\"text-align: left; padding-left: 160px;\">La premi\u00e8re gamme fran\u00e7aise peau-cheveux, unisex, sans OGM, pour toute la famille.<\/p>\n<p style=\"text-align: left; padding-left: 160px;\"><img loading=\"lazy\" decoding=\"async\" class=\"aligncenter\" src=\"https:\/\/wilfriedandco.fr\/wp-content\/uploads\/2020\/08\/bonsai.jpeg\" sizes=\"auto, (max-width: 677px) 100vw, 677px\" srcset=\"https:\/\/wilfriedandco.fr\/wp-content\/uploads\/2020\/08\/bonsai.jpeg 677w, https:\/\/wilfriedandco.fr\/wp-content\/uploads\/2020\/08\/bonsai-300x201.jpeg 300w, https:\/\/wilfriedandco.fr\/wp-content\/uploads\/2020\/08\/bonsai-400x268.jpeg 400w\" alt=\"\" width=\"677\" height=\"453\" \/><\/p>\n<h2 style=\"text-align: left; padding-left: 160px;\">LA GREEN ETHIQUE<\/h2>\n<p style=\"text-align: left; padding-left: 160px;\">0% paraben, 0% OGM,0% produit animal, 0% test sur les animaux et des huiles essentielles 100% v\u00e9g\u00e9tales.<\/p>\n<p style=\"text-align: left; padding-left: 160px;\"><img loading=\"lazy\" decoding=\"async\" class=\"aligncenter\" src=\"https:\/\/wilfriedandco.fr\/wp-content\/uploads\/2020\/06\/AdobeStock_136010848.jpeg\" sizes=\"auto, (max-width: 320px) 100vw, 320px\" srcset=\"https:\/\/wilfriedandco.fr\/wp-content\/uploads\/2020\/06\/AdobeStock_136010848.jpeg 320w, https:\/\/wilfriedandco.fr\/wp-content\/uploads\/2020\/06\/AdobeStock_136010848-300x200.jpeg 300w\" alt=\"\" width=\"320\" height=\"213\" \/><\/p>\n<h2 style=\"text-align: left; padding-left: 160px;\">L\u2019AROMACOLOGIE<\/h2>\n<p style=\"text-align: left; padding-left: 160px;\">D\u00e9tendez-vous, avec l&rsquo;influence des odeurs sur vos sens.<\/p>\n<p style=\"text-align: left; padding-left: 160px;\"><img loading=\"lazy\" decoding=\"async\" class=\"aligncenter\" src=\"https:\/\/wilfriedandco.fr\/wp-content\/uploads\/2020\/06\/AdobeStock_127641283.jpeg\" sizes=\"auto, (max-width: 320px) 100vw, 320px\" srcset=\"https:\/\/wilfriedandco.fr\/wp-content\/uploads\/2020\/06\/AdobeStock_127641283.jpeg 320w, https:\/\/wilfriedandco.fr\/wp-content\/uploads\/2020\/06\/AdobeStock_127641283-300x200.jpeg 300w\" alt=\"\" width=\"320\" height=\"213\" \/><\/p>\n<h2 style=\"text-align: left; padding-left: 160px;\">SAVOIR FAIRE<\/h2>\n<p style=\"text-align: left; padding-left: 160px;\">Fabriqu\u00e9 dans le sud de france, entre Grasse et Monaco.<\/p>\n<p style=\"text-align: left; padding-left: 160px;\"><img loading=\"lazy\" decoding=\"async\" class=\"aligncenter\" src=\"https:\/\/wilfriedandco.fr\/wp-content\/uploads\/2020\/06\/flower-of-life-2648527_1280-300x300.png\" sizes=\"auto, (max-width: 300px) 100vw, 300px\" srcset=\"https:\/\/wilfriedandco.fr\/wp-content\/uploads\/2020\/06\/flower-of-life-2648527_1280-300x300.png 300w, https:\/\/wilfriedandco.fr\/wp-content\/uploads\/2020\/06\/flower-of-life-2648527_1280-100x100.png 100w, https:\/\/wilfriedandco.fr\/wp-content\/uploads\/2020\/06\/flower-of-life-2648527_1280-400x400.png 400w, https:\/\/wilfriedandco.fr\/wp-content\/uploads\/2020\/06\/flower-of-life-2648527_1280-1024x1024.png 1024w, https:\/\/wilfriedandco.fr\/wp-content\/uploads\/2020\/06\/flower-of-life-2648527_1280-150x150.png 150w, https:\/\/wilfriedandco.fr\/wp-content\/uploads\/2020\/06\/flower-of-life-2648527_1280-768x768.png 768w, https:\/\/wilfriedandco.fr\/wp-content\/uploads\/2020\/06\/flower-of-life-2648527_1280.png 1280w\" alt=\"\" width=\"300\" height=\"300\" \/><\/p>\n<h2 style=\"text-align: left; padding-left: 160px;\">1. UNE VISION HOLISTIQUE<\/h2>\n<p style=\"text-align: left; padding-left: 160px;\">Conscient des victimes du monde moderne, g\u00e9n\u00e9rateur de stress, WILFRIEDandCO lutte contre les traumatismes de l\u2019addiction \u00e0 l\u2019hyper-consommation cosm\u00e9tique et ses r\u00e9percussions physiques et psychologiques. Les produits assurent une protection contre les diff\u00e9rentes formes de stress gr\u00e2ce \u00e0 une s\u00e9lection d\u2019ingr\u00e9dients sp\u00e9cifique qui d\u00e9tendent votre syst\u00e8me nerveux, stimule votre circulation, \u00e9quilibre le syst\u00e8me glandulaire pour renforcer votre syst\u00e8me immunitaire.<br \/><img loading=\"lazy\" decoding=\"async\" class=\"aligncenter\" src=\"https:\/\/wilfriedandco.fr\/wp-content\/uploads\/2020\/06\/valeur2-300x300.jpg\" sizes=\"auto, (max-width: 300px) 100vw, 300px\" srcset=\"https:\/\/wilfriedandco.fr\/wp-content\/uploads\/2020\/06\/valeur2-scaled-300x300.jpg 300w, https:\/\/wilfriedandco.fr\/wp-content\/uploads\/2020\/06\/valeur2-scaled-100x100.jpg 100w, https:\/\/wilfriedandco.fr\/wp-content\/uploads\/2020\/06\/valeur2-scaled-400x400.jpg 400w, https:\/\/wilfriedandco.fr\/wp-content\/uploads\/2020\/06\/valeur2-1024x1024.jpg 1024w, https:\/\/wilfriedandco.fr\/wp-content\/uploads\/2020\/06\/valeur2-150x150.jpg 150w, https:\/\/wilfriedandco.fr\/wp-content\/uploads\/2020\/06\/valeur2-768x768.jpg 768w, https:\/\/wilfriedandco.fr\/wp-content\/uploads\/2020\/06\/valeur2-1536x1536.jpg 1536w, https:\/\/wilfriedandco.fr\/wp-content\/uploads\/2020\/06\/valeur2-2048x2048.jpg 2048w, https:\/\/wilfriedandco.fr\/wp-content\/uploads\/2020\/06\/valeur2-1080x1080.jpg 1080w, https:\/\/wilfriedandco.fr\/wp-content\/uploads\/2020\/06\/valeur2-1280x1280.jpg 1280w, https:\/\/wilfriedandco.fr\/wp-content\/uploads\/2020\/06\/valeur2-980x980.jpg 980w, https:\/\/wilfriedandco.fr\/wp-content\/uploads\/2020\/06\/valeur2-480x480.jpg 480w\" alt=\"\" width=\"300\" height=\"300\" \/><\/p>\n<h2 style=\"text-align: left; padding-left: 160px;\">2. UNE \u00c9THIQUE NATURELLE<\/h2>\n<p style=\"text-align: left; padding-left: 160px;\">WILFRIEDandCO est une nouvelle vision du bien-\u00eatre, plus proche de la nature, de l\u2019\u00e9quilibre, du respect de soi, inspir\u00e9e par la richesse des cultures, des rituels et de la beaut\u00e9 du monde.<br \/>WILFRIEDandCO pr\u00f4ne les bienfaits de l\u2019eau chaude, du massage et des actifs naturels. Les soins sont issus de la synergie des plantes, des huiles v\u00e9g\u00e9tales et de l\u2019aromacologie pour retrouver et pr\u00e9server l\u2019\u00e9quilibre cellulaire de votre peau et de vos cheveux.<br \/><img loading=\"lazy\" decoding=\"async\" class=\"aligncenter\" src=\"https:\/\/wilfriedandco.fr\/wp-content\/uploads\/2020\/06\/valeur3-300x300.jpg\" sizes=\"auto, (max-width: 300px) 100vw, 300px\" srcset=\"https:\/\/wilfriedandco.fr\/wp-content\/uploads\/2020\/06\/valeur3-scaled-300x300.jpg 300w, https:\/\/wilfriedandco.fr\/wp-content\/uploads\/2020\/06\/valeur3-scaled-100x100.jpg 100w, https:\/\/wilfriedandco.fr\/wp-content\/uploads\/2020\/06\/valeur3-scaled-400x400.jpg 400w, https:\/\/wilfriedandco.fr\/wp-content\/uploads\/2020\/06\/valeur3-1024x1024.jpg 1024w, https:\/\/wilfriedandco.fr\/wp-content\/uploads\/2020\/06\/valeur3-150x150.jpg 150w, https:\/\/wilfriedandco.fr\/wp-content\/uploads\/2020\/06\/valeur3-768x768.jpg 768w, https:\/\/wilfriedandco.fr\/wp-content\/uploads\/2020\/06\/valeur3-1536x1536.jpg 1536w, https:\/\/wilfriedandco.fr\/wp-content\/uploads\/2020\/06\/valeur3-2048x2048.jpg 2048w, https:\/\/wilfriedandco.fr\/wp-content\/uploads\/2020\/06\/valeur3-1080x1080.jpg 1080w, https:\/\/wilfriedandco.fr\/wp-content\/uploads\/2020\/06\/valeur3-1280x1280.jpg 1280w, https:\/\/wilfriedandco.fr\/wp-content\/uploads\/2020\/06\/valeur3-980x980.jpg 980w, https:\/\/wilfriedandco.fr\/wp-content\/uploads\/2020\/06\/valeur3-480x480.jpg 480w\" alt=\"\" width=\"300\" height=\"300\" \/><\/p>\n<h2 style=\"text-align: left; padding-left: 160px;\">3. UNE D\u00c9MARCHE \u00c9CO-RESPONSABLE<\/h2>\n<p style=\"text-align: left; padding-left: 160px;\">Dans une consommation, intempestive et d\u00e9pendante, qui nous entra\u00eene dans le cercle vicieux o\u00f9 chaque produit engendre l\u2019utilisation d\u2019un autre, WILFRIEDandCO cr\u00e9\u00e9 une cure d\u2019actifs naturelles, hyper-concentr\u00e9, pour la peau et les cheveux. Le cr\u00e9ateur d\u00e9montre ainsi que la segmentation du march\u00e9 des produits de beaut\u00e9 n\u2019est pas n\u00e9cessaire.<\/p>\n<p style=\"text-align: left; padding-left: 160px;\">L\u2019engagement de Wilfried Nicault dans le soin, \u00e0 la fois comme artisan des belles mati\u00e8res et artiste des \u00e9motions, remonte \u00e0 1989. Il a fait ses d\u00e9buts dans de nombreuses maisons de coiffure prestigieuses. Une premi\u00e8re gamme de soins naturels d\u2019excellence voit le jour en 2004.<\/p>\n<hr style=\"padding-left: 160px;\" \/>\n<p style=\"text-align: left; padding-left: 160px;\">Aujourd\u2019hui, il cr\u00e9\u00e9 l\u2019\u00e9v\u00e9nement avec sa nouvelle gamme de soins VOYAGE NATURE LUXE. bas\u00e9e sur une \u00e9thique \u201cGREEN\u201d. La gamme est pour toute la famille, simultan\u00e9ment pour la peau et les cheveux.<\/p>\n<p style=\"text-align: left; padding-left: 160px;\"><img loading=\"lazy\" decoding=\"async\" class=\"aligncenter\" src=\"https:\/\/wilfriedandco.fr\/wp-content\/uploads\/2020\/04\/Photo-Wilfried-1.jpg\" sizes=\"auto, (max-width: 800px) 100vw, 800px\" srcset=\"https:\/\/wilfriedandco.fr\/wp-content\/uploads\/2020\/04\/Photo-Wilfried-1.jpg 800w, https:\/\/wilfriedandco.fr\/wp-content\/uploads\/2020\/04\/Photo-Wilfried-1-400x287.jpg 400w, https:\/\/wilfriedandco.fr\/wp-content\/uploads\/2020\/04\/Photo-Wilfried-1-300x215.jpg 300w, https:\/\/wilfriedandco.fr\/wp-content\/uploads\/2020\/04\/Photo-Wilfried-1-768x550.jpg 768w\" alt=\"\" width=\"800\" height=\"573\" \/><\/p>\n<h2 style=\"text-align: left; padding-left: 160px;\">CORNER SHOP IN SHOP<\/h2>\n<p style=\"text-align: left; padding-left: 160px;\">Un espace dans un point de vente, un magasin dans un magasin (shop in shop).<\/p>\n<p style=\"text-align: left; padding-left: 160px;\">Cet espace est autonome et comporte ses propres caisses comme pour les corners des grands magasins.<\/p>\n<p style=\"text-align: left; padding-left: 160px;\">Notre pratique du shop in shop se rencontre dans le cadre d\u2019enseignes partenaires.<\/p>\n<p style=\"text-align: left; padding-left: 160px;\">Notre pratique est \u00e9galement utilis\u00e9es pour des enseignes de services, on peut ainsi nous trouver au sein de vastes salons de coiffure ou de beaut\u00e9, h\u00e9berg\u00e9s dans un hypermarch\u00e9 ou galerie marchande.<\/p>\n<p style=\"text-align: left; padding-left: 160px;\">L\u2019espace attribu\u00e9 correspond \u00e0 un ensemble de meubles de pr\u00e9sentation et l\u2019utilisation d\u2019\u00e9l\u00e9ments de PLV sp\u00e9cifiques reprenant la gamme de WILFRIEDandCO.<\/p>\n<p style=\"text-align: left; padding-left: 160px;\"><a role=\"button\" href=\"https:\/\/wilfriedandco.fr\/index.php\/shop-in-shop\/\"><br \/>devenez partenaire<br \/><\/a><br \/><img decoding=\"async\" class=\"aligncenter\" title=\"Corner image0 (1)\" src=\"https:\/\/wilfriedandco.fr\/wp-content\/uploads\/elementor\/thumbs\/Corner-image0-1-1-owgh3o45bwqc4jog7dn0zzvqcxrhqiwj4mpgq34i68.jpeg\" alt=\"Corner image0 (1)\" \/><br \/><img decoding=\"async\" class=\"aligncenter\" title=\"image1\" src=\"https:\/\/wilfriedandco.fr\/wp-content\/uploads\/elementor\/thumbs\/image1-2-owgh3n6b52qgyf2j71xjr9paq60mpjqra7skb7ha0w.jpeg\" alt=\"image1\" \/><\/p>\n<h2 style=\"text-align: left; padding-left: 160px;\">ils nous font confiance<\/h2>\n<p style=\"padding-left: 160px;\"><img loading=\"lazy\" decoding=\"async\" class=\"alignleft\" src=\"https:\/\/wilfriedandco.fr\/wp-content\/uploads\/2020\/10\/new_logo_all-1-1024x501.jpg\" sizes=\"auto, (max-width: 1024px) 100vw, 1024px\" srcset=\"https:\/\/wilfriedandco.fr\/wp-content\/uploads\/2020\/10\/new_logo_all-1-1024x501.jpg 1024w, https:\/\/wilfriedandco.fr\/wp-content\/uploads\/2020\/10\/new_logo_all-1-300x147.jpg 300w, https:\/\/wilfriedandco.fr\/wp-content\/uploads\/2020\/10\/new_logo_all-1-768x375.jpg 768w, https:\/\/wilfriedandco.fr\/wp-content\/uploads\/2020\/10\/new_logo_all-1-1536x751.jpg 1536w, https:\/\/wilfriedandco.fr\/wp-content\/uploads\/2020\/10\/new_logo_all-1-2048x1001.jpg 2048w, https:\/\/wilfriedandco.fr\/wp-content\/uploads\/2020\/10\/new_logo_all-1-400x196.jpg 400w\" alt=\"\" width=\"1024\" height=\"501\" \/><\/p>\n\n\n<p><\/p>\n","protected":false},"excerpt":{"rendered":"<p>L\u2019Elixir, produit phare de la gamme, est une protection contre toutes les agressions journali\u00e8res, sa texture s\u00e9duisante ne laisse aucun r\u00e9sidu sur la peau. UNISEX PEAU-CHEVEUX 0% OGM Une cure de\u00a07 produits,\u00a0la gamme WILFRIEDandCO\u00a0NATURE LUXE et VOYAGE passent dans les sachets de contr\u00f4le des a\u00e9roports europ\u00e9ens. UNISEXE peau cheveux La premi\u00e8re gamme fran\u00e7aise peau-cheveux, unisex, [&hellip;]<\/p>\n","protected":false},"author":1,"featured_media":0,"parent":0,"menu_order":0,"comment_status":"closed","ping_status":"closed","template":"","meta":{"ocean_post_layout":"full-screen","ocean_both_sidebars_style":"","ocean_both_sidebars_content_width":0,"ocean_both_sidebars_sidebars_width":0,"ocean_sidebar":"0","ocean_second_sidebar":"0","ocean_disable_margins":"on","ocean_add_body_class":"","ocean_shortcode_before_top_bar":"","ocean_shortcode_after_top_bar":"","ocean_shortcode_before_header":"","ocean_shortcode_after_header":"","ocean_has_shortcode":"","ocean_shortcode_after_title":"","ocean_shortcode_before_footer_widgets":"","ocean_shortcode_after_footer_widgets":"","ocean_shortcode_before_footer_bottom":"","ocean_shortcode_after_footer_bottom":"","ocean_display_top_bar":"off","ocean_display_header":"on","ocean_header_style":"custom","ocean_center_header_left_menu":"0","ocean_custom_header_template":"333","ocean_custom_logo":0,"ocean_custom_retina_logo":0,"ocean_custom_logo_max_width":0,"ocean_custom_logo_tablet_max_width":0,"ocean_custom_logo_mobile_max_width":0,"ocean_custom_logo_max_height":0,"ocean_custom_logo_tablet_max_height":0,"ocean_custom_logo_mobile_max_height":0,"ocean_header_custom_menu":"0","ocean_menu_typo_font_family":"0","ocean_menu_typo_font_subset":"","ocean_menu_typo_font_size":0,"ocean_menu_typo_font_size_tablet":0,"ocean_menu_typo_font_size_mobile":0,"ocean_menu_typo_font_size_unit":"px","ocean_menu_typo_font_weight":"","ocean_menu_typo_font_weight_tablet":"","ocean_menu_typo_font_weight_mobile":"","ocean_menu_typo_transform":"","ocean_menu_typo_transform_tablet":"","ocean_menu_typo_transform_mobile":"","ocean_menu_typo_line_height":0,"ocean_menu_typo_line_height_tablet":0,"ocean_menu_typo_line_height_mobile":0,"ocean_menu_typo_line_height_unit":"","ocean_menu_typo_spacing":0,"ocean_menu_typo_spacing_tablet":0,"ocean_menu_typo_spacing_mobile":0,"ocean_menu_typo_spacing_unit":"","ocean_menu_link_color":"","ocean_menu_link_color_hover":"","ocean_menu_link_color_active":"","ocean_menu_link_background":"","ocean_menu_link_hover_background":"","ocean_menu_link_active_background":"","ocean_menu_social_links_bg":"","ocean_menu_social_hover_links_bg":"","ocean_menu_social_links_color":"","ocean_menu_social_hover_links_color":"","ocean_disable_title":"on","ocean_disable_heading":"default","ocean_post_title":"","ocean_post_subheading":"","ocean_post_title_style":"","ocean_post_title_background_color":"","ocean_post_title_background":0,"ocean_post_title_bg_image_position":"","ocean_post_title_bg_image_attachment":"","ocean_post_title_bg_image_repeat":"","ocean_post_title_bg_image_size":"","ocean_post_title_height":0,"ocean_post_title_bg_overlay":0.5,"ocean_post_title_bg_overlay_color":"","ocean_disable_breadcrumbs":"off","ocean_breadcrumbs_color":"","ocean_breadcrumbs_separator_color":"","ocean_breadcrumbs_links_color":"","ocean_breadcrumbs_links_hover_color":"","ocean_display_footer_widgets":"on","ocean_display_footer_bottom":"off","ocean_custom_footer_template":"381","footnotes":""},"class_list":["post-410","page","type-page","status-publish","hentry","entry","owp-thumbs-layout-horizontal","owp-btn-normal","owp-tabs-layout-horizontal","has-no-thumbnails","has-product-nav"],"yoast_head":"<!-- This site is optimized with the Yoast SEO plugin v27.4 - https:\/\/yoast.com\/product\/yoast-seo-wordpress\/ -->\n<title>Accueil - WILFRIEDandCO<\/title>\n<meta name=\"robots\" content=\"index, follow, max-snippet:-1, max-image-preview:large, max-video-preview:-1\" \/>\n<link rel=\"canonical\" href=\"https:\/\/wilfriedandco.fr\/\" \/>\n<meta property=\"og:locale\" content=\"fr_FR\" \/>\n<meta property=\"og:type\" content=\"article\" \/>\n<meta property=\"og:title\" content=\"Accueil - WILFRIEDandCO\" \/>\n<meta property=\"og:description\" content=\"L\u2019Elixir, produit phare de la gamme, est une protection contre toutes les agressions journali\u00e8res, sa texture s\u00e9duisante ne laisse aucun r\u00e9sidu sur la peau. UNISEX PEAU-CHEVEUX 0% OGM Une cure de\u00a07 produits,\u00a0la gamme WILFRIEDandCO\u00a0NATURE LUXE et VOYAGE passent dans les sachets de contr\u00f4le des a\u00e9roports europ\u00e9ens. UNISEXE peau cheveux La premi\u00e8re gamme fran\u00e7aise peau-cheveux, unisex, [&hellip;]\" \/>\n<meta property=\"og:url\" content=\"https:\/\/wilfriedandco.fr\/\" \/>\n<meta property=\"og:site_name\" content=\"WILFRIEDandCO\" \/>\n<meta property=\"article:modified_time\" content=\"2023-01-27T17:01:07+00:00\" \/>\n<meta property=\"og:image\" content=\"https:\/\/wilfriedandco.fr\/wp-content\/uploads\/2020\/10\/New-Dossier-presentation-WCO-CORNER-26.05-1-1024x579.jpg\" \/>\n<meta name=\"twitter:card\" content=\"summary_large_image\" \/>\n<meta name=\"twitter:label1\" content=\"Dur\u00e9e de lecture estim\u00e9e\" \/>\n\t<meta name=\"twitter:data1\" content=\"3 minutes\" \/>\n<script type=\"application\/ld+json\" class=\"yoast-schema-graph\">{\"@context\":\"https:\\\/\\\/schema.org\",\"@graph\":[{\"@type\":\"WebPage\",\"@id\":\"https:\\\/\\\/wilfriedandco.fr\\\/\",\"url\":\"https:\\\/\\\/wilfriedandco.fr\\\/\",\"name\":\"Accueil - WILFRIEDandCO\",\"isPartOf\":{\"@id\":\"https:\\\/\\\/wilfriedandco.fr\\\/#website\"},\"primaryImageOfPage\":{\"@id\":\"https:\\\/\\\/wilfriedandco.fr\\\/#primaryimage\"},\"image\":{\"@id\":\"https:\\\/\\\/wilfriedandco.fr\\\/#primaryimage\"},\"thumbnailUrl\":\"https:\\\/\\\/wilfriedandco.fr\\\/wp-content\\\/uploads\\\/2020\\\/10\\\/New-Dossier-presentation-WCO-CORNER-26.05-1-1024x579.jpg\",\"datePublished\":\"2020-06-02T09:07:20+00:00\",\"dateModified\":\"2023-01-27T17:01:07+00:00\",\"breadcrumb\":{\"@id\":\"https:\\\/\\\/wilfriedandco.fr\\\/#breadcrumb\"},\"inLanguage\":\"fr-FR\",\"potentialAction\":[{\"@type\":\"ReadAction\",\"target\":[\"https:\\\/\\\/wilfriedandco.fr\\\/\"]}]},{\"@type\":\"ImageObject\",\"inLanguage\":\"fr-FR\",\"@id\":\"https:\\\/\\\/wilfriedandco.fr\\\/#primaryimage\",\"url\":\"https:\\\/\\\/wilfriedandco.fr\\\/wp-content\\\/uploads\\\/2020\\\/10\\\/New-Dossier-presentation-WCO-CORNER-26.05-1-1024x579.jpg\",\"contentUrl\":\"https:\\\/\\\/wilfriedandco.fr\\\/wp-content\\\/uploads\\\/2020\\\/10\\\/New-Dossier-presentation-WCO-CORNER-26.05-1-1024x579.jpg\"},{\"@type\":\"BreadcrumbList\",\"@id\":\"https:\\\/\\\/wilfriedandco.fr\\\/#breadcrumb\",\"itemListElement\":[{\"@type\":\"ListItem\",\"position\":1,\"name\":\"Accueil\",\"item\":\"https:\\\/\\\/wilfriedandco.fr\\\/\"},{\"@type\":\"ListItem\",\"position\":2,\"name\":\"Accueil\"}]},{\"@type\":\"WebSite\",\"@id\":\"https:\\\/\\\/wilfriedandco.fr\\\/#website\",\"url\":\"https:\\\/\\\/wilfriedandco.fr\\\/\",\"name\":\"WILFRIEDandCO\",\"description\":\"UN LUXE POUR VOTRE BIEN-\u00caTRE\",\"publisher\":{\"@id\":\"https:\\\/\\\/wilfriedandco.fr\\\/#organization\"},\"potentialAction\":[{\"@type\":\"SearchAction\",\"target\":{\"@type\":\"EntryPoint\",\"urlTemplate\":\"https:\\\/\\\/wilfriedandco.fr\\\/?s={search_term_string}\"},\"query-input\":{\"@type\":\"PropertyValueSpecification\",\"valueRequired\":true,\"valueName\":\"search_term_string\"}}],\"inLanguage\":\"fr-FR\"},{\"@type\":\"Organization\",\"@id\":\"https:\\\/\\\/wilfriedandco.fr\\\/#organization\",\"name\":\"WILFRIEDandCO\",\"url\":\"https:\\\/\\\/wilfriedandco.fr\\\/\",\"logo\":{\"@type\":\"ImageObject\",\"inLanguage\":\"fr-FR\",\"@id\":\"https:\\\/\\\/wilfriedandco.fr\\\/#\\\/schema\\\/logo\\\/image\\\/\",\"url\":\"https:\\\/\\\/wilfriedandco.fr\\\/wp-content\\\/uploads\\\/2020\\\/04\\\/IMG_1446.jpg\",\"contentUrl\":\"https:\\\/\\\/wilfriedandco.fr\\\/wp-content\\\/uploads\\\/2020\\\/04\\\/IMG_1446.jpg\",\"width\":2048,\"height\":744,\"caption\":\"WILFRIEDandCO\"},\"image\":{\"@id\":\"https:\\\/\\\/wilfriedandco.fr\\\/#\\\/schema\\\/logo\\\/image\\\/\"}}]}<\/script>\n<!-- \/ Yoast SEO plugin. -->","yoast_head_json":{"title":"Accueil - WILFRIEDandCO","robots":{"index":"index","follow":"follow","max-snippet":"max-snippet:-1","max-image-preview":"max-image-preview:large","max-video-preview":"max-video-preview:-1"},"canonical":"https:\/\/wilfriedandco.fr\/","og_locale":"fr_FR","og_type":"article","og_title":"Accueil - WILFRIEDandCO","og_description":"L\u2019Elixir, produit phare de la gamme, est une protection contre toutes les agressions journali\u00e8res, sa texture s\u00e9duisante ne laisse aucun r\u00e9sidu sur la peau. UNISEX PEAU-CHEVEUX 0% OGM Une cure de\u00a07 produits,\u00a0la gamme WILFRIEDandCO\u00a0NATURE LUXE et VOYAGE passent dans les sachets de contr\u00f4le des a\u00e9roports europ\u00e9ens. UNISEXE peau cheveux La premi\u00e8re gamme fran\u00e7aise peau-cheveux, unisex, [&hellip;]","og_url":"https:\/\/wilfriedandco.fr\/","og_site_name":"WILFRIEDandCO","article_modified_time":"2023-01-27T17:01:07+00:00","og_image":[{"url":"https:\/\/wilfriedandco.fr\/wp-content\/uploads\/2020\/10\/New-Dossier-presentation-WCO-CORNER-26.05-1-1024x579.jpg","type":"","width":"","height":""}],"twitter_card":"summary_large_image","twitter_misc":{"Dur\u00e9e de lecture estim\u00e9e":"3 minutes"},"schema":{"@context":"https:\/\/schema.org","@graph":[{"@type":"WebPage","@id":"https:\/\/wilfriedandco.fr\/","url":"https:\/\/wilfriedandco.fr\/","name":"Accueil - WILFRIEDandCO","isPartOf":{"@id":"https:\/\/wilfriedandco.fr\/#website"},"primaryImageOfPage":{"@id":"https:\/\/wilfriedandco.fr\/#primaryimage"},"image":{"@id":"https:\/\/wilfriedandco.fr\/#primaryimage"},"thumbnailUrl":"https:\/\/wilfriedandco.fr\/wp-content\/uploads\/2020\/10\/New-Dossier-presentation-WCO-CORNER-26.05-1-1024x579.jpg","datePublished":"2020-06-02T09:07:20+00:00","dateModified":"2023-01-27T17:01:07+00:00","breadcrumb":{"@id":"https:\/\/wilfriedandco.fr\/#breadcrumb"},"inLanguage":"fr-FR","potentialAction":[{"@type":"ReadAction","target":["https:\/\/wilfriedandco.fr\/"]}]},{"@type":"ImageObject","inLanguage":"fr-FR","@id":"https:\/\/wilfriedandco.fr\/#primaryimage","url":"https:\/\/wilfriedandco.fr\/wp-content\/uploads\/2020\/10\/New-Dossier-presentation-WCO-CORNER-26.05-1-1024x579.jpg","contentUrl":"https:\/\/wilfriedandco.fr\/wp-content\/uploads\/2020\/10\/New-Dossier-presentation-WCO-CORNER-26.05-1-1024x579.jpg"},{"@type":"BreadcrumbList","@id":"https:\/\/wilfriedandco.fr\/#breadcrumb","itemListElement":[{"@type":"ListItem","position":1,"name":"Accueil","item":"https:\/\/wilfriedandco.fr\/"},{"@type":"ListItem","position":2,"name":"Accueil"}]},{"@type":"WebSite","@id":"https:\/\/wilfriedandco.fr\/#website","url":"https:\/\/wilfriedandco.fr\/","name":"WILFRIEDandCO","description":"UN LUXE POUR VOTRE BIEN-\u00caTRE","publisher":{"@id":"https:\/\/wilfriedandco.fr\/#organization"},"potentialAction":[{"@type":"SearchAction","target":{"@type":"EntryPoint","urlTemplate":"https:\/\/wilfriedandco.fr\/?s={search_term_string}"},"query-input":{"@type":"PropertyValueSpecification","valueRequired":true,"valueName":"search_term_string"}}],"inLanguage":"fr-FR"},{"@type":"Organization","@id":"https:\/\/wilfriedandco.fr\/#organization","name":"WILFRIEDandCO","url":"https:\/\/wilfriedandco.fr\/","logo":{"@type":"ImageObject","inLanguage":"fr-FR","@id":"https:\/\/wilfriedandco.fr\/#\/schema\/logo\/image\/","url":"https:\/\/wilfriedandco.fr\/wp-content\/uploads\/2020\/04\/IMG_1446.jpg","contentUrl":"https:\/\/wilfriedandco.fr\/wp-content\/uploads\/2020\/04\/IMG_1446.jpg","width":2048,"height":744,"caption":"WILFRIEDandCO"},"image":{"@id":"https:\/\/wilfriedandco.fr\/#\/schema\/logo\/image\/"}}]}},"_links":{"self":[{"href":"https:\/\/wilfriedandco.fr\/index.php\/wp-json\/wp\/v2\/pages\/410","targetHints":{"allow":["GET"]}}],"collection":[{"href":"https:\/\/wilfriedandco.fr\/index.php\/wp-json\/wp\/v2\/pages"}],"about":[{"href":"https:\/\/wilfriedandco.fr\/index.php\/wp-json\/wp\/v2\/types\/page"}],"author":[{"embeddable":true,"href":"https:\/\/wilfriedandco.fr\/index.php\/wp-json\/wp\/v2\/users\/1"}],"replies":[{"embeddable":true,"href":"https:\/\/wilfriedandco.fr\/index.php\/wp-json\/wp\/v2\/comments?post=410"}],"version-history":[{"count":101,"href":"https:\/\/wilfriedandco.fr\/index.php\/wp-json\/wp\/v2\/pages\/410\/revisions"}],"predecessor-version":[{"id":1427,"href":"https:\/\/wilfriedandco.fr\/index.php\/wp-json\/wp\/v2\/pages\/410\/revisions\/1427"}],"wp:attachment":[{"href":"https:\/\/wilfriedandco.fr\/index.php\/wp-json\/wp\/v2\/media?parent=410"}],"curies":[{"name":"wp","href":"https:\/\/api.w.org\/{rel}","templated":true}]}}